{"id":128,"date":"2024-03-17T21:29:30","date_gmt":"2024-03-17T21:29:30","guid":{"rendered":"https:\/\/posiibi.com\/?page_id=128"},"modified":"2024-06-15T15:42:00","modified_gmt":"2024-06-15T13:42:00","slug":"raison-detre","status":"publish","type":"page","link":"https:\/\/posiibi.com\/en\/raison-detre\/","title":{"rendered":"Our why"},"content":{"rendered":"<div data-elementor-type=\"wp-page\" data-elementor-id=\"128\" class=\"elementor elementor-128\">\n\t\t\t\t<div class=\"elementor-element elementor-element-9bb0136 e-flex e-con-boxed e-con e-parent\" data-id=\"9bb0136\" data-element_type=\"container\" data-e-type=\"container\">\n\t\t\t\t\t<div class=\"e-con-inner\">\n\t\t\t\t<div class=\"elementor-element elementor-element-4a46a2f3 elementor-widget elementor-widget-text-editor\" data-id=\"4a46a2f3\" data-element_type=\"widget\" data-e-type=\"widget\" data-widget_type=\"text-editor.default\">\n\t\t\t\t<div class=\"elementor-widget-container\">\n\t\t\t\t\t\t\t\t\t<p><\/p>\n<p>Posiibi is your trusted partner on the African continent.<\/p>\n<p><\/p>\n<p><\/p>\n<p>We were born of a simple observation: many of our compatriots (Beninese or otherwise) find it difficult to do business with the contient when they're abroad,<\/p>\n<p><\/p>\n<p><\/p>\n<p>Whether it's for something as simple as retrieving an important document, signing a contract, getting information that requires a trip to the site, or a financial transaction, it's often a headache to find someone on the spot,<\/p>\n<p><\/p>\n<p><\/p>\n<p>However, with a simple power of attorney (in many cases), the process can be carried out on your behalf by someone living close to the desired location.<\/p>\n<p><\/p>\n<p><\/p>\n<p>That's why we've set up a network of independent agents all over the country, whose availability and liabilities we know in advance through rigorous interviews, and who are paid on a commission basis to make the process as easy as possible for you.<\/p><p>Possibility of having a dedicated agent supervised by us.&nbsp;<\/p><p>We guarantee the smooth running and execution of the missions entrusted to us.<\/p>\n<p>Doing business in Africa no longer has to be a headache!<\/p>\n<p>Contact us to find out more.<\/p>\n<p><\/p>\n<p><\/p>\n<p><\/p>\n<p>More information <a href=\"\/en\/fonctionnement\/\">here.<\/a><\/p>\n<p><\/p>\t\t\t\t\t\t\t\t<\/div>\n\t\t\t\t<\/div>\n\t\t\t\t\t<\/div>\n\t\t\t\t<\/div>\n\t\t\t\t<\/div>","protected":false},"excerpt":{"rendered":"<p>Posiibi se veut votre partenaire de confiance sur le contient africain. Nous sommes n\u00e9s d&rsquo;un simple constat: Beaucoup de nos compatriotes (B\u00e9ninois ou d&rsquo;ailleurs) ont du mal \u00e0 faire des affaires avec le contient lorsqu&rsquo;ils sont \u00e0 l&rsquo;\u00e9tranger, Que ce soit pour des d\u00e9marches simples comme la r\u00e9cup\u00e9ration d&rsquo;un document important, la passation de contrat, [&hellip;]<\/p>\n","protected":false},"author":1,"featured_media":0,"parent":0,"menu_order":0,"comment_status":"closed","ping_status":"closed","template":"","meta":{"_bbp_topic_count":0,"_bbp_reply_count":0,"_bbp_total_topic_count":0,"_bbp_total_reply_count":0,"_bbp_voice_count":0,"_bbp_anonymous_reply_count":0,"_bbp_topic_count_hidden":0,"_bbp_reply_count_hidden":0,"_bbp_forum_subforum_count":0,"pmpro_default_level":"","footnotes":""},"class_list":["post-128","page","type-page","status-publish","hentry","pmpro-has-access"],"yoast_head":"<!-- This site is optimized with the Yoast SEO plugin v27.3 - https:\/\/yoast.com\/product\/yoast-seo-wordpress\/ -->\n<title>Notre raison d&#039;\u00eatre - Posiibi - Tout est possible<\/title>\n<meta name=\"description\" content=\"Posiibi se veut le premier coursier au B\u00e9nin et en Afrique, que ce soit pour une livraison ou une d\u00e9marche sp\u00e9cifique, nous sommes l\u00e0 pour vous\" \/>\n<meta name=\"robots\" content=\"index, follow, max-snippet:-1, max-image-preview:large, max-video-preview:-1\" \/>\n<link rel=\"canonical\" href=\"https:\/\/posiibi.com\/en\/raison-detre\/\" \/>\n<meta property=\"og:locale\" content=\"en_US\" \/>\n<meta property=\"og:type\" content=\"article\" \/>\n<meta property=\"og:title\" content=\"Notre raison d&#039;\u00eatre - Posiibi - Tout est possible\" \/>\n<meta property=\"og:description\" content=\"Posiibi se veut le premier coursier au B\u00e9nin et en Afrique, que ce soit pour une livraison ou une d\u00e9marche sp\u00e9cifique, nous sommes l\u00e0 pour vous\" \/>\n<meta property=\"og:url\" content=\"https:\/\/posiibi.com\/en\/raison-detre\/\" \/>\n<meta property=\"og:site_name\" content=\"Posiibi - Tout est possible\" \/>\n<meta property=\"article:modified_time\" content=\"2024-06-15T13:42:00+00:00\" \/>\n<meta name=\"twitter:card\" content=\"summary_large_image\" \/>\n<meta name=\"twitter:label1\" content=\"Est. reading time\" \/>\n\t<meta name=\"twitter:data1\" content=\"1 minute\" \/>\n<script type=\"application\/ld+json\" class=\"yoast-schema-graph\">{\"@context\":\"https:\\\/\\\/schema.org\",\"@graph\":[{\"@type\":\"WebPage\",\"@id\":\"https:\\\/\\\/posiibi.com\\\/raison-detre\\\/\",\"url\":\"https:\\\/\\\/posiibi.com\\\/raison-detre\\\/\",\"name\":\"Notre raison d'\u00eatre - Posiibi - Tout est possible\",\"isPartOf\":{\"@id\":\"https:\\\/\\\/posiibi-823034.ingress-daribow.ewp.live\\\/#website\"},\"datePublished\":\"2024-03-17T21:29:30+00:00\",\"dateModified\":\"2024-06-15T13:42:00+00:00\",\"description\":\"Posiibi se veut le premier coursier au B\u00e9nin et en Afrique, que ce soit pour une livraison ou une d\u00e9marche sp\u00e9cifique, nous sommes l\u00e0 pour vous\",\"breadcrumb\":{\"@id\":\"https:\\\/\\\/posiibi.com\\\/raison-detre\\\/#breadcrumb\"},\"inLanguage\":\"en-US\",\"potentialAction\":[{\"@type\":\"ReadAction\",\"target\":[\"https:\\\/\\\/posiibi.com\\\/raison-detre\\\/\"]}]},{\"@type\":\"BreadcrumbList\",\"@id\":\"https:\\\/\\\/posiibi.com\\\/raison-detre\\\/#breadcrumb\",\"itemListElement\":[{\"@type\":\"ListItem\",\"position\":1,\"name\":\"Home\",\"item\":\"https:\\\/\\\/posiibi.com\\\/\"},{\"@type\":\"ListItem\",\"position\":2,\"name\":\"Notre raison d&rsquo;\u00eatre\"}]},{\"@type\":\"WebSite\",\"@id\":\"https:\\\/\\\/posiibi-823034.ingress-daribow.ewp.live\\\/#website\",\"url\":\"https:\\\/\\\/posiibi-823034.ingress-daribow.ewp.live\\\/\",\"name\":\"Posiibi - Tout est possible\",\"description\":\"Coursier n\u00b01 au B\u00e9nin et en Afrique\",\"publisher\":{\"@id\":\"https:\\\/\\\/posiibi-823034.ingress-daribow.ewp.live\\\/#organization\"},\"potentialAction\":[{\"@type\":\"SearchAction\",\"target\":{\"@type\":\"EntryPoint\",\"urlTemplate\":\"https:\\\/\\\/posiibi-823034.ingress-daribow.ewp.live\\\/?s={search_term_string}\"},\"query-input\":{\"@type\":\"PropertyValueSpecification\",\"valueRequired\":true,\"valueName\":\"search_term_string\"}}],\"inLanguage\":\"en-US\"},{\"@type\":\"Organization\",\"@id\":\"https:\\\/\\\/posiibi-823034.ingress-daribow.ewp.live\\\/#organization\",\"name\":\"Posiibi - Tout est possible\",\"url\":\"https:\\\/\\\/posiibi-823034.ingress-daribow.ewp.live\\\/\",\"logo\":{\"@type\":\"ImageObject\",\"inLanguage\":\"en-US\",\"@id\":\"https:\\\/\\\/posiibi-823034.ingress-daribow.ewp.live\\\/#\\\/schema\\\/logo\\\/image\\\/\",\"url\":\"https:\\\/\\\/posiibi.com\\\/wp-content\\\/uploads\\\/2024\\\/04\\\/posiibi_transparent.webp\",\"contentUrl\":\"https:\\\/\\\/posiibi.com\\\/wp-content\\\/uploads\\\/2024\\\/04\\\/posiibi_transparent.webp\",\"width\":371,\"height\":304,\"caption\":\"Posiibi - Tout est possible\"},\"image\":{\"@id\":\"https:\\\/\\\/posiibi-823034.ingress-daribow.ewp.live\\\/#\\\/schema\\\/logo\\\/image\\\/\"}}]}<\/script>\n<!-- \/ Yoast SEO plugin. -->","yoast_head_json":{"title":"Notre raison d'\u00eatre - Posiibi - Tout est possible","description":"Posiibi se veut le premier coursier au B\u00e9nin et en Afrique, que ce soit pour une livraison ou une d\u00e9marche sp\u00e9cifique, nous sommes l\u00e0 pour vous","robots":{"index":"index","follow":"follow","max-snippet":"max-snippet:-1","max-image-preview":"max-image-preview:large","max-video-preview":"max-video-preview:-1"},"canonical":"https:\/\/posiibi.com\/en\/raison-detre\/","og_locale":"en_US","og_type":"article","og_title":"Notre raison d'\u00eatre - Posiibi - Tout est possible","og_description":"Posiibi se veut le premier coursier au B\u00e9nin et en Afrique, que ce soit pour une livraison ou une d\u00e9marche sp\u00e9cifique, nous sommes l\u00e0 pour vous","og_url":"https:\/\/posiibi.com\/en\/raison-detre\/","og_site_name":"Posiibi - Tout est possible","article_modified_time":"2024-06-15T13:42:00+00:00","twitter_card":"summary_large_image","twitter_misc":{"Est. reading time":"1 minute"},"schema":{"@context":"https:\/\/schema.org","@graph":[{"@type":"WebPage","@id":"https:\/\/posiibi.com\/raison-detre\/","url":"https:\/\/posiibi.com\/raison-detre\/","name":"Notre raison d'\u00eatre - Posiibi - Tout est possible","isPartOf":{"@id":"https:\/\/posiibi-823034.ingress-daribow.ewp.live\/#website"},"datePublished":"2024-03-17T21:29:30+00:00","dateModified":"2024-06-15T13:42:00+00:00","description":"Posiibi se veut le premier coursier au B\u00e9nin et en Afrique, que ce soit pour une livraison ou une d\u00e9marche sp\u00e9cifique, nous sommes l\u00e0 pour vous","breadcrumb":{"@id":"https:\/\/posiibi.com\/raison-detre\/#breadcrumb"},"inLanguage":"en-US","potentialAction":[{"@type":"ReadAction","target":["https:\/\/posiibi.com\/raison-detre\/"]}]},{"@type":"BreadcrumbList","@id":"https:\/\/posiibi.com\/raison-detre\/#breadcrumb","itemListElement":[{"@type":"ListItem","position":1,"name":"Home","item":"https:\/\/posiibi.com\/"},{"@type":"ListItem","position":2,"name":"Notre raison d&rsquo;\u00eatre"}]},{"@type":"WebSite","@id":"https:\/\/posiibi-823034.ingress-daribow.ewp.live\/#website","url":"https:\/\/posiibi-823034.ingress-daribow.ewp.live\/","name":"Posiibi - Tout est possible","description":"No. 1 courier in Benin and Africa","publisher":{"@id":"https:\/\/posiibi-823034.ingress-daribow.ewp.live\/#organization"},"potentialAction":[{"@type":"SearchAction","target":{"@type":"EntryPoint","urlTemplate":"https:\/\/posiibi-823034.ingress-daribow.ewp.live\/?s={search_term_string}"},"query-input":{"@type":"PropertyValueSpecification","valueRequired":true,"valueName":"search_term_string"}}],"inLanguage":"en-US"},{"@type":"Organization","@id":"https:\/\/posiibi-823034.ingress-daribow.ewp.live\/#organization","name":"Posiibi - Tout est possible","url":"https:\/\/posiibi-823034.ingress-daribow.ewp.live\/","logo":{"@type":"ImageObject","inLanguage":"en-US","@id":"https:\/\/posiibi-823034.ingress-daribow.ewp.live\/#\/schema\/logo\/image\/","url":"https:\/\/posiibi.com\/wp-content\/uploads\/2024\/04\/posiibi_transparent.webp","contentUrl":"https:\/\/posiibi.com\/wp-content\/uploads\/2024\/04\/posiibi_transparent.webp","width":371,"height":304,"caption":"Posiibi - Tout est possible"},"image":{"@id":"https:\/\/posiibi-823034.ingress-daribow.ewp.live\/#\/schema\/logo\/image\/"}}]}},"jetpack_sharing_enabled":true,"_links":{"self":[{"href":"https:\/\/posiibi.com\/en\/wp-json\/wp\/v2\/pages\/128","targetHints":{"allow":["GET"]}}],"collection":[{"href":"https:\/\/posiibi.com\/en\/wp-json\/wp\/v2\/pages"}],"about":[{"href":"https:\/\/posiibi.com\/en\/wp-json\/wp\/v2\/types\/page"}],"author":[{"embeddable":true,"href":"https:\/\/posiibi.com\/en\/wp-json\/wp\/v2\/users\/1"}],"replies":[{"embeddable":true,"href":"https:\/\/posiibi.com\/en\/wp-json\/wp\/v2\/comments?post=128"}],"version-history":[{"count":5,"href":"https:\/\/posiibi.com\/en\/wp-json\/wp\/v2\/pages\/128\/revisions"}],"predecessor-version":[{"id":1684,"href":"https:\/\/posiibi.com\/en\/wp-json\/wp\/v2\/pages\/128\/revisions\/1684"}],"wp:attachment":[{"href":"https:\/\/posiibi.com\/en\/wp-json\/wp\/v2\/media?parent=128"}],"curies":[{"name":"wp","href":"https:\/\/api.w.org\/{rel}","templated":true}]}}