{"id":1501,"date":"2024-05-26T21:39:14","date_gmt":"2024-05-26T19:39:14","guid":{"rendered":"https:\/\/posiibi.com\/?page_id=1501"},"modified":"2024-08-16T17:50:50","modified_gmt":"2024-08-16T15:50:50","slug":"tourisme-benin-afrique","status":"publish","type":"page","link":"https:\/\/posiibi.com\/en\/tourisme-benin-afrique\/","title":{"rendered":"Tourism in Africa (Benin)"},"content":{"rendered":"<div data-elementor-type=\"wp-page\" data-elementor-id=\"1501\" class=\"elementor elementor-1501\">\n\t\t\t\t<div class=\"elementor-element elementor-element-3e7837d e-flex e-con-boxed e-con e-parent\" data-id=\"3e7837d\" data-element_type=\"container\" data-e-type=\"container\">\n\t\t\t\t\t<div class=\"e-con-inner\">\n\t\t\t\t<div class=\"elementor-element elementor-element-9037fa0 elementor-widget elementor-widget-heading\" data-id=\"9037fa0\" data-element_type=\"widget\" data-e-type=\"widget\" data-widget_type=\"heading.default\">\n\t\t\t\t<div class=\"elementor-widget-container\">\n\t\t\t\t\t<h2 class=\"elementor-heading-title elementor-size-default\">You're travelling to Benin ? <\/h2>\t\t\t\t<\/div>\n\t\t\t\t<\/div>\n\t\t\t\t\t<\/div>\n\t\t\t\t<\/div>\n\t\t<div class=\"elementor-element elementor-element-bde5f04 e-flex e-con-boxed e-con e-parent\" data-id=\"bde5f04\" data-element_type=\"container\" data-e-type=\"container\">\n\t\t\t\t\t<div class=\"e-con-inner\">\n\t\t\t\t<div class=\"elementor-element elementor-element-3cb91e8 elementor-widget elementor-widget-text-editor\" data-id=\"3cb91e8\" data-element_type=\"widget\" data-e-type=\"widget\" data-widget_type=\"text-editor.default\">\n\t\t\t\t<div class=\"elementor-widget-container\">\n\t\t\t\t\t\t\t\t\t<p>We accompany you during your stay. From airport transfers to accommodation and sightseeing, an agent is at your disposal throughout your stay or on an ad hoc basis. The choice is yours!<\/p>\t\t\t\t\t\t\t\t<\/div>\n\t\t\t\t<\/div>\n\t\t\t\t\t<\/div>\n\t\t\t\t<\/div>\n\t\t<div class=\"elementor-element elementor-element-64024a7 e-flex e-con-boxed e-con e-parent\" data-id=\"64024a7\" data-element_type=\"container\" data-e-type=\"container\">\n\t\t\t\t\t<div class=\"e-con-inner\">\n\t\t<div class=\"elementor-element elementor-element-314f890 e-flex e-con-boxed e-con e-child\" data-id=\"314f890\" data-element_type=\"container\" data-e-type=\"container\">\n\t\t\t\t\t<div class=\"e-con-inner\">\n\t\t\t\t<div class=\"elementor-element elementor-element-f742978 elementor-widget elementor-widget-heading\" data-id=\"f742978\" data-element_type=\"widget\" data-e-type=\"widget\" data-widget_type=\"heading.default\">\n\t\t\t\t<div class=\"elementor-widget-container\">\n\t\t\t\t\t<h2 class=\"elementor-heading-title elementor-size-default\">Our services<\/h2>\t\t\t\t<\/div>\n\t\t\t\t<\/div>\n\t\t\t\t\t<\/div>\n\t\t\t\t<\/div>\n\t\t\t\t\t<\/div>\n\t\t\t\t<\/div>\n\t\t<div class=\"elementor-element elementor-element-97971c2 e-grid e-con-full e-con e-parent\" data-id=\"97971c2\" data-element_type=\"container\" data-e-type=\"container\">\n\t\t\t\t<div class=\"elementor-element elementor-element-c130b87 elementor-widget elementor-widget-html\" data-id=\"c130b87\" data-element_type=\"widget\" data-e-type=\"widget\" data-widget_type=\"html.default\">\n\t\t\t\t<div class=\"elementor-widget-container\">\n\t\t\t\t\t<div class=\"card\" style=\"width: 18rem;\">\n  <img decoding=\"async\" src=\"\/wp-content\/uploads\/2024\/05\/taxi_.jpg\" class=\"card-img-top\" alt=\"taxi a\u00e9roport\">\n  <div class=\"card-body\">\n    <h3 class=\"card-title\">Taxi \u00e0 l'a\u00e9roport<\/h3>\n    <p class=\"card-text\">Nous vous trouvons le taxi qu'il faut pour le d\u00e9placement  \u00e0 l'arriv\u00e9e Bernadin Gatin. <br><br>\nThis cab can also be at your disposal throughout your stay. \nWe also negotiate the best rates for you!<\/p>\n    <button type=\"button\" data-bs-toggle=\"modal\" data-bs-target=\"#sendMessageModal\" class=\"btn btn-primary\" onclick=\"selectionToursime(this)\" data=\"Taxi \u00e0 l'a\u00e9roport\">Contact us<\/button>\n    \n   <!-- <button class=\"btn btn-primary\" type=\"button\" data-bs-toggle=\"modal\" data-bs-target=\"#sendMessageModal\" onclick=\"selection(this)\">Je voyage au B\u00e9nin (Taxi, guide local\u2026etc.)<\/button>-->\n  <\/div>\n<\/div>\t\t\t\t<\/div>\n\t\t\t\t<\/div>\n\t\t\t\t<div class=\"elementor-element elementor-element-0a9217d elementor-widget elementor-widget-html\" data-id=\"0a9217d\" data-element_type=\"widget\" data-e-type=\"widget\" data-widget_type=\"html.default\">\n\t\t\t\t<div class=\"elementor-widget-container\">\n\t\t\t\t\t<div class=\"card\" style=\"width: 18rem;\">\n  <img decoding=\"async\" src=\"\/wp-content\/uploads\/2024\/05\/hebergement-1.jpg\" class=\"card-img-top\" alt=\"h\u00e9bergement\/repas\" style=\"height:190px\">\n  <div class=\"card-body\">\n    <h3 class=\"card-title\">Accomodation \/ Meals<\/h3>\n    <p class=\"card-text\">Nous nous occupons de trouver l'h\u00e9bergement qui correspond parfaitement \u00e0 vos d\u00e9sirs: que ce soit un h\u00e9bergement immersif pour vivre au plus pr\u00e8s des populations (tout en gardant son confort), ou un hotel, nos agents sauront vous trouver les meilleurs plans. Vous souhaitez \u00e9galement manger local et bien, il suffit de demander !<\/p>\n    <button type=\"button\" data-bs-toggle=\"modal\" data-bs-target=\"#sendMessageModal\" class=\"btn btn-primary\" onclick=\"selectionToursime(this)\" data=\"H\u00e9bergement\/Repas\">Contact us<\/button>\n  <\/div>\n<\/div>\t\t\t\t<\/div>\n\t\t\t\t<\/div>\n\t\t\t\t<div class=\"elementor-element elementor-element-6ddf280 elementor-widget elementor-widget-html\" data-id=\"6ddf280\" data-element_type=\"widget\" data-e-type=\"widget\" data-widget_type=\"html.default\">\n\t\t\t\t<div class=\"elementor-widget-container\">\n\t\t\t\t\t<div class=\"card\" style=\"width: 18rem;\">\n  <img decoding=\"async\" src=\"https:\/\/posiibi.com\/wp-content\/uploads\/2024\/05\/site_touristique5.jpg\" class=\"card-img-top\" alt=\"site touristique\" height=\"120px!important\">\n  <div class=\"card-body\">\n    <h3 class=\"card-title\">Touristic sites<\/h3>\n    <p class=\"card-text\">Would you like to know which site(s) are really worth your while and optimize your vacation?<br><br>\nOur agents are there to advise you!<\/p>\n    <button type=\"button\" data-bs-toggle=\"modal\" data-bs-target=\"#sendMessageModal\" class=\"btn btn-primary\" onclick=\"selectionToursime(this)\" data=\"Sites touristiques\">Contact us<\/button>\n  <\/div>\n<\/div>\t\t\t\t<\/div>\n\t\t\t\t<\/div>\n\t\t\t\t<div class=\"elementor-element elementor-element-7aa1909 elementor-widget elementor-widget-html\" data-id=\"7aa1909\" data-element_type=\"widget\" data-e-type=\"widget\" data-widget_type=\"html.default\">\n\t\t\t\t<div class=\"elementor-widget-container\">\n\t\t\t\t\t<div class=\"card\" style=\"width: 18rem;\">\n  <img decoding=\"async\" src=\"https:\/\/posiibi.com\/wp-content\/uploads\/2024\/05\/souvenir2.jpg\" class=\"card-img-top\" alt=\"Souvenir\" style=\"height:200px\">\n  <div class=\"card-body\">\n    <h3 class=\"card-title\">Souvenirs<\/h3>\n    <p class=\"card-text\">Ask someone to accompany you as you shop for souvenirs and other items,<br><br>\nLet yourself be transported to unsuspected places and go home with the best memories!<\/p>\n    <button type=\"button\" data-bs-toggle=\"modal\" data-bs-target=\"#sendMessageModal\" class=\"btn btn-primary\" onclick=\"selectionToursime(this)\" data=\"Souvenirs\">Contact us<\/button>\n  <\/div>\n<\/div>\t\t\t\t<\/div>\n\t\t\t\t<\/div>\n\t\t\t\t<\/div>\n\t\t\t\t<\/div>","protected":false},"excerpt":{"rendered":"<p>Vous voyagez au B\u00e9nin? Nous vous accompagnons pendant votre s\u00e9jour. Du transport depuis l&rsquo;a\u00e9roport \u00e0 l&rsquo;h\u00e9bergement en passant par les visites touristiques, un agent se tient \u00e0 votre disposition durant tout votre s\u00e9jour ou de fa\u00e7on ponctuelle. C&rsquo;est vous qui d\u00e9cidez ! Nos services Taxi \u00e0 l&rsquo;a\u00e9roport Nous vous trouvons le taxi qu&rsquo;il faut pour [&hellip;]<\/p>\n","protected":false},"author":1,"featured_media":0,"parent":0,"menu_order":0,"comment_status":"closed","ping_status":"closed","template":"","meta":{"_bbp_topic_count":0,"_bbp_reply_count":0,"_bbp_total_topic_count":0,"_bbp_total_reply_count":0,"_bbp_voice_count":0,"_bbp_anonymous_reply_count":0,"_bbp_topic_count_hidden":0,"_bbp_reply_count_hidden":0,"_bbp_forum_subforum_count":0,"pmpro_default_level":"","footnotes":""},"class_list":["post-1501","page","type-page","status-publish","hentry","pmpro-has-access"],"yoast_head":"<!-- This site is optimized with the Yoast SEO plugin v27.3 - https:\/\/yoast.com\/product\/yoast-seo-wordpress\/ -->\n<title>Tourisme en Afrique (B\u00e9nin) - Posiibi - Tout est possible<\/title>\n<meta name=\"description\" content=\"D\u00e9couvrez nos services pour les touristes\" \/>\n<meta name=\"robots\" content=\"index, follow, max-snippet:-1, max-image-preview:large, max-video-preview:-1\" \/>\n<link rel=\"canonical\" href=\"https:\/\/posiibi.com\/en\/tourisme-benin-afrique\/\" \/>\n<meta property=\"og:locale\" content=\"en_US\" \/>\n<meta property=\"og:type\" content=\"article\" \/>\n<meta property=\"og:title\" content=\"Tourisme en Afrique (B\u00e9nin) - Posiibi - Tout est possible\" \/>\n<meta property=\"og:description\" content=\"D\u00e9couvrez nos services pour les touristes\" \/>\n<meta property=\"og:url\" content=\"https:\/\/posiibi.com\/en\/tourisme-benin-afrique\/\" \/>\n<meta property=\"og:site_name\" content=\"Posiibi - Tout est possible\" \/>\n<meta property=\"article:modified_time\" content=\"2024-08-16T15:50:50+00:00\" \/>\n<meta property=\"og:image\" content=\"https:\/\/posiibi.com\/wp-content\/uploads\/2024\/05\/site_touristique5.webp\" \/>\n<meta name=\"twitter:card\" content=\"summary_large_image\" \/>\n<meta name=\"twitter:label1\" content=\"Est. reading time\" \/>\n\t<meta name=\"twitter:data1\" content=\"2 minutes\" \/>\n<script type=\"application\/ld+json\" class=\"yoast-schema-graph\">{\"@context\":\"https:\\\/\\\/schema.org\",\"@graph\":[{\"@type\":\"WebPage\",\"@id\":\"https:\\\/\\\/posiibi.com\\\/tourisme-benin-afrique\\\/\",\"url\":\"https:\\\/\\\/posiibi.com\\\/tourisme-benin-afrique\\\/\",\"name\":\"Tourisme en Afrique (B\u00e9nin) - Posiibi - Tout est possible\",\"isPartOf\":{\"@id\":\"https:\\\/\\\/posiibi-823034.ingress-daribow.ewp.live\\\/#website\"},\"primaryImageOfPage\":{\"@id\":\"https:\\\/\\\/posiibi.com\\\/tourisme-benin-afrique\\\/#primaryimage\"},\"image\":{\"@id\":\"https:\\\/\\\/posiibi.com\\\/tourisme-benin-afrique\\\/#primaryimage\"},\"thumbnailUrl\":\"https:\\\/\\\/posiibi.com\\\/wp-content\\\/uploads\\\/2024\\\/05\\\/site_touristique5.webp\",\"datePublished\":\"2024-05-26T19:39:14+00:00\",\"dateModified\":\"2024-08-16T15:50:50+00:00\",\"description\":\"D\u00e9couvrez nos services pour les touristes\",\"breadcrumb\":{\"@id\":\"https:\\\/\\\/posiibi.com\\\/tourisme-benin-afrique\\\/#breadcrumb\"},\"inLanguage\":\"en-US\",\"potentialAction\":[{\"@type\":\"ReadAction\",\"target\":[\"https:\\\/\\\/posiibi.com\\\/tourisme-benin-afrique\\\/\"]}]},{\"@type\":\"ImageObject\",\"inLanguage\":\"en-US\",\"@id\":\"https:\\\/\\\/posiibi.com\\\/tourisme-benin-afrique\\\/#primaryimage\",\"url\":\"https:\\\/\\\/posiibi.com\\\/wp-content\\\/uploads\\\/2024\\\/05\\\/site_touristique5.webp\",\"contentUrl\":\"https:\\\/\\\/posiibi.com\\\/wp-content\\\/uploads\\\/2024\\\/05\\\/site_touristique5.webp\"},{\"@type\":\"BreadcrumbList\",\"@id\":\"https:\\\/\\\/posiibi.com\\\/tourisme-benin-afrique\\\/#breadcrumb\",\"itemListElement\":[{\"@type\":\"ListItem\",\"position\":1,\"name\":\"Home\",\"item\":\"https:\\\/\\\/posiibi.com\\\/\"},{\"@type\":\"ListItem\",\"position\":2,\"name\":\"Tourisme en Afrique (B\u00e9nin)\"}]},{\"@type\":\"WebSite\",\"@id\":\"https:\\\/\\\/posiibi-823034.ingress-daribow.ewp.live\\\/#website\",\"url\":\"https:\\\/\\\/posiibi-823034.ingress-daribow.ewp.live\\\/\",\"name\":\"Posiibi - Tout est possible\",\"description\":\"Coursier n\u00b01 au B\u00e9nin et en Afrique\",\"publisher\":{\"@id\":\"https:\\\/\\\/posiibi-823034.ingress-daribow.ewp.live\\\/#organization\"},\"potentialAction\":[{\"@type\":\"SearchAction\",\"target\":{\"@type\":\"EntryPoint\",\"urlTemplate\":\"https:\\\/\\\/posiibi-823034.ingress-daribow.ewp.live\\\/?s={search_term_string}\"},\"query-input\":{\"@type\":\"PropertyValueSpecification\",\"valueRequired\":true,\"valueName\":\"search_term_string\"}}],\"inLanguage\":\"en-US\"},{\"@type\":\"Organization\",\"@id\":\"https:\\\/\\\/posiibi-823034.ingress-daribow.ewp.live\\\/#organization\",\"name\":\"Posiibi - Tout est possible\",\"url\":\"https:\\\/\\\/posiibi-823034.ingress-daribow.ewp.live\\\/\",\"logo\":{\"@type\":\"ImageObject\",\"inLanguage\":\"en-US\",\"@id\":\"https:\\\/\\\/posiibi-823034.ingress-daribow.ewp.live\\\/#\\\/schema\\\/logo\\\/image\\\/\",\"url\":\"https:\\\/\\\/posiibi.com\\\/wp-content\\\/uploads\\\/2024\\\/04\\\/posiibi_transparent.webp\",\"contentUrl\":\"https:\\\/\\\/posiibi.com\\\/wp-content\\\/uploads\\\/2024\\\/04\\\/posiibi_transparent.webp\",\"width\":371,\"height\":304,\"caption\":\"Posiibi - Tout est possible\"},\"image\":{\"@id\":\"https:\\\/\\\/posiibi-823034.ingress-daribow.ewp.live\\\/#\\\/schema\\\/logo\\\/image\\\/\"}}]}<\/script>\n<!-- \/ Yoast SEO plugin. -->","yoast_head_json":{"title":"Tourisme en Afrique (B\u00e9nin) - Posiibi - Tout est possible","description":"D\u00e9couvrez nos services pour les touristes","robots":{"index":"index","follow":"follow","max-snippet":"max-snippet:-1","max-image-preview":"max-image-preview:large","max-video-preview":"max-video-preview:-1"},"canonical":"https:\/\/posiibi.com\/en\/tourisme-benin-afrique\/","og_locale":"en_US","og_type":"article","og_title":"Tourisme en Afrique (B\u00e9nin) - Posiibi - Tout est possible","og_description":"D\u00e9couvrez nos services pour les touristes","og_url":"https:\/\/posiibi.com\/en\/tourisme-benin-afrique\/","og_site_name":"Posiibi - Tout est possible","article_modified_time":"2024-08-16T15:50:50+00:00","og_image":[{"url":"https:\/\/posiibi.com\/wp-content\/uploads\/2024\/05\/site_touristique5.webp","type":"","width":"","height":""}],"twitter_card":"summary_large_image","twitter_misc":{"Est. reading time":"2 minutes"},"schema":{"@context":"https:\/\/schema.org","@graph":[{"@type":"WebPage","@id":"https:\/\/posiibi.com\/tourisme-benin-afrique\/","url":"https:\/\/posiibi.com\/tourisme-benin-afrique\/","name":"Tourisme en Afrique (B\u00e9nin) - Posiibi - Tout est possible","isPartOf":{"@id":"https:\/\/posiibi-823034.ingress-daribow.ewp.live\/#website"},"primaryImageOfPage":{"@id":"https:\/\/posiibi.com\/tourisme-benin-afrique\/#primaryimage"},"image":{"@id":"https:\/\/posiibi.com\/tourisme-benin-afrique\/#primaryimage"},"thumbnailUrl":"https:\/\/posiibi.com\/wp-content\/uploads\/2024\/05\/site_touristique5.webp","datePublished":"2024-05-26T19:39:14+00:00","dateModified":"2024-08-16T15:50:50+00:00","description":"D\u00e9couvrez nos services pour les touristes","breadcrumb":{"@id":"https:\/\/posiibi.com\/tourisme-benin-afrique\/#breadcrumb"},"inLanguage":"en-US","potentialAction":[{"@type":"ReadAction","target":["https:\/\/posiibi.com\/tourisme-benin-afrique\/"]}]},{"@type":"ImageObject","inLanguage":"en-US","@id":"https:\/\/posiibi.com\/tourisme-benin-afrique\/#primaryimage","url":"https:\/\/posiibi.com\/wp-content\/uploads\/2024\/05\/site_touristique5.webp","contentUrl":"https:\/\/posiibi.com\/wp-content\/uploads\/2024\/05\/site_touristique5.webp"},{"@type":"BreadcrumbList","@id":"https:\/\/posiibi.com\/tourisme-benin-afrique\/#breadcrumb","itemListElement":[{"@type":"ListItem","position":1,"name":"Home","item":"https:\/\/posiibi.com\/"},{"@type":"ListItem","position":2,"name":"Tourisme en Afrique (B\u00e9nin)"}]},{"@type":"WebSite","@id":"https:\/\/posiibi-823034.ingress-daribow.ewp.live\/#website","url":"https:\/\/posiibi-823034.ingress-daribow.ewp.live\/","name":"Posiibi - Tout est possible","description":"No. 1 courier in Benin and Africa","publisher":{"@id":"https:\/\/posiibi-823034.ingress-daribow.ewp.live\/#organization"},"potentialAction":[{"@type":"SearchAction","target":{"@type":"EntryPoint","urlTemplate":"https:\/\/posiibi-823034.ingress-daribow.ewp.live\/?s={search_term_string}"},"query-input":{"@type":"PropertyValueSpecification","valueRequired":true,"valueName":"search_term_string"}}],"inLanguage":"en-US"},{"@type":"Organization","@id":"https:\/\/posiibi-823034.ingress-daribow.ewp.live\/#organization","name":"Posiibi - Tout est possible","url":"https:\/\/posiibi-823034.ingress-daribow.ewp.live\/","logo":{"@type":"ImageObject","inLanguage":"en-US","@id":"https:\/\/posiibi-823034.ingress-daribow.ewp.live\/#\/schema\/logo\/image\/","url":"https:\/\/posiibi.com\/wp-content\/uploads\/2024\/04\/posiibi_transparent.webp","contentUrl":"https:\/\/posiibi.com\/wp-content\/uploads\/2024\/04\/posiibi_transparent.webp","width":371,"height":304,"caption":"Posiibi - Tout est possible"},"image":{"@id":"https:\/\/posiibi-823034.ingress-daribow.ewp.live\/#\/schema\/logo\/image\/"}}]}},"jetpack_sharing_enabled":true,"_links":{"self":[{"href":"https:\/\/posiibi.com\/en\/wp-json\/wp\/v2\/pages\/1501","targetHints":{"allow":["GET"]}}],"collection":[{"href":"https:\/\/posiibi.com\/en\/wp-json\/wp\/v2\/pages"}],"about":[{"href":"https:\/\/posiibi.com\/en\/wp-json\/wp\/v2\/types\/page"}],"author":[{"embeddable":true,"href":"https:\/\/posiibi.com\/en\/wp-json\/wp\/v2\/users\/1"}],"replies":[{"embeddable":true,"href":"https:\/\/posiibi.com\/en\/wp-json\/wp\/v2\/comments?post=1501"}],"version-history":[{"count":5,"href":"https:\/\/posiibi.com\/en\/wp-json\/wp\/v2\/pages\/1501\/revisions"}],"predecessor-version":[{"id":1701,"href":"https:\/\/posiibi.com\/en\/wp-json\/wp\/v2\/pages\/1501\/revisions\/1701"}],"wp:attachment":[{"href":"https:\/\/posiibi.com\/en\/wp-json\/wp\/v2\/media?parent=1501"}],"curies":[{"name":"wp","href":"https:\/\/api.w.org\/{rel}","templated":true}]}}