{"id":190,"date":"2024-03-17T21:55:22","date_gmt":"2024-03-17T21:55:22","guid":{"rendered":"https:\/\/posiibi.com\/?page_id=190"},"modified":"2024-06-08T10:06:02","modified_gmt":"2024-06-08T08:06:02","slug":"fonctionnement","status":"publish","type":"page","link":"https:\/\/posiibi.com\/en\/fonctionnement\/","title":{"rendered":"Functioning"},"content":{"rendered":"<div data-elementor-type=\"wp-page\" data-elementor-id=\"190\" class=\"elementor elementor-190\">\n\t\t\t\t<div class=\"elementor-element elementor-element-b4cc038 e-con-full e-flex e-con e-parent\" data-id=\"b4cc038\" data-element_type=\"container\" data-e-type=\"container\">\n\t\t\t\t<div class=\"elementor-element elementor-element-a557a45 elementor-widget elementor-widget-html\" data-id=\"a557a45\" data-element_type=\"widget\" data-e-type=\"widget\" data-widget_type=\"html.default\">\n\t\t\t\t<div class=\"elementor-widget-container\">\n\t\t\t\t\t<div class=\"card-group\">\n  <div class=\"card\">\n    <img decoding=\"async\" src=\"\/wp-content\/uploads\/2024\/04\/choix_offre.png\" class=\"card-img-top\" alt=\"choix de l'offre\" style=\"width:70px;margin-left:50px\">\n    <div class=\"card-body\">\n      <h5 class=\"card-title\"><strong>1\u00e8re \u00e9tape : Choix de l'offre <\/strong><\/h5>\n      <p class=\"card-text\">S\u00e9lectionnez l'une des offres depuis la page d'accueil. <br> Si l'offre n'existe pas, contactez nous directement en cliquant sur le bouton <strong>\"Formuler ma demande\"<\/strong><\/p>\n    <\/div>\n    <div class=\"card-footer\">\n      <small class=\"text-muted\"><a href=\"\/en\/\"><button type=\"button\" class=\"btn btn-success\">  Aller \u00e0 la page d'accueil<\/button><\/a><\/small>\n    <\/div>\n  <\/div>\n  <div class=\"card\">\n    <img decoding=\"async\" src=\"\/wp-content\/uploads\/2024\/04\/creation_compte.png\" class=\"card-img-top\" alt=\"Cr\u00e9ation de compte\" style=\"width:70px;margin-left:50px\">\n    <div class=\"card-body\">\n      <h5 class=\"card-title\"><strong> 2nd request: Creation of your account<\/strong><\/h5>\n      <p class=\"card-text\">A la r\u00e9ception de votre demande et apr\u00e8s avoir convenu de l'offre qui vous correspond, nous cr\u00e9ons votre espace client et vous envoyons vos identifiants. Vous pouvez tout de m\u00eame choisir une offre directement lors de la soumission de votre demande. Vos identifiants sont alors automatiquement cr\u00e9\u00e9s.<\/p>\n    <\/div>\n    <div class=\"card-footer\">\n      <small class=\"text-muted\"><a href=\"\/en\/#actions\"><button type=\"button\" class=\"btn btn-success\">Choose an offer <\/button><\/a><\/small>\n    <\/div>\n  <\/div>\n  <div class=\"card\">\n    <img decoding=\"async\" src=\"\/wp-content\/uploads\/2024\/04\/suivi.png\" class=\"card-img-top\" alt=\"Suivi de votre commande\" style=\"width:70px;margin-left:50px\">\n    <div class=\"card-body\">\n      <h5 class=\"card-title\"><strong> 3rd step: Order and follow-up<\/strong><\/h5>\n      <p class=\"card-text\">Une fois votre compte cr\u00e9\u00e9, vous pouvez suivre vos commandes depuis votre espace client.  Un service de messagerie int\u00e9gr\u00e9 vous permet d'\u00e9changer avec votre agent.<\/p>\n    <\/div>\n    <div class=\"card-footer\">\n      <small class=\"text-muted\"><a href=\"\/en\/mon-compte\/\"><button type=\"button\" class=\"btn btn-success\"> Se connecter \/ S'enregistrer<\/button><\/a><\/small>\n    <\/div>\n  <\/div>\n<\/div>\t\t\t\t<\/div>\n\t\t\t\t<\/div>\n\t\t\t\t<\/div>\n\t\t<div class=\"elementor-element elementor-element-7648cad e-flex e-con-boxed e-con e-parent\" data-id=\"7648cad\" data-element_type=\"container\" data-e-type=\"container\">\n\t\t\t\t\t<div class=\"e-con-inner\">\n\t\t\t\t<div class=\"elementor-element elementor-element-f805b97 elementor-widget elementor-widget-html\" data-id=\"f805b97\" data-element_type=\"widget\" data-e-type=\"widget\" data-widget_type=\"html.default\">\n\t\t\t\t<div class=\"elementor-widget-container\">\n\t\t\t\t\t<div class=\"card\">\n  <h5 class=\"card-header\">Note<\/h5>\n  <div class=\"card-body\">\n    <h5 class=\"card-title\">Collaborate<\/h5>\n    <p class=\"card-text\">You can register as a contributor and collaborate on the platform. <\/p>\n    <a href=\"\/en\/#actions\" class=\"btn btn-success\">Collaborate <\/a>\n  <\/div>\n<\/div>\t\t\t\t<\/div>\n\t\t\t\t<\/div>\n\t\t\t\t\t<\/div>\n\t\t\t\t<\/div>\n\t\t\t\t<\/div>","protected":false},"excerpt":{"rendered":"<p>1\u00e8re \u00e9tape : Choix de l&rsquo;offre S\u00e9lectionnez l&rsquo;une des offres depuis la page d&rsquo;accueil. Si l&rsquo;offre n&rsquo;existe pas, contactez nous directement en cliquant sur le bouton \u00ab\u00a0Formuler ma demande\u00a0\u00bb Aller \u00e0 la page d&rsquo;accueil 2\u00e8me \u00e9tape: Cr\u00e9ation de votre compte A la r\u00e9ception de votre demande et apr\u00e8s avoir convenu de l&rsquo;offre qui vous correspond, [&hellip;]<\/p>\n","protected":false},"author":1,"featured_media":0,"parent":0,"menu_order":0,"comment_status":"closed","ping_status":"closed","template":"","meta":{"_bbp_topic_count":0,"_bbp_reply_count":0,"_bbp_total_topic_count":0,"_bbp_total_reply_count":0,"_bbp_voice_count":0,"_bbp_anonymous_reply_count":0,"_bbp_topic_count_hidden":0,"_bbp_reply_count_hidden":0,"_bbp_forum_subforum_count":0,"pmpro_default_level":"","footnotes":""},"class_list":["post-190","page","type-page","status-publish","hentry","pmpro-has-access"],"yoast_head":"<!-- This site is optimized with the Yoast SEO plugin v27.3 - https:\/\/yoast.com\/product\/yoast-seo-wordpress\/ -->\n<title>Fonctionnement - Posiibi - Tout est possible<\/title>\n<meta name=\"robots\" content=\"index, follow, max-snippet:-1, max-image-preview:large, max-video-preview:-1\" \/>\n<link rel=\"canonical\" href=\"https:\/\/posiibi.com\/en\/fonctionnement\/\" \/>\n<meta property=\"og:locale\" content=\"en_US\" \/>\n<meta property=\"og:type\" content=\"article\" \/>\n<meta property=\"og:title\" content=\"Fonctionnement - Posiibi - Tout est possible\" \/>\n<meta property=\"og:description\" content=\"1\u00e8re \u00e9tape : Choix de l&rsquo;offre S\u00e9lectionnez l&rsquo;une des offres depuis la page d&rsquo;accueil. Si l&rsquo;offre n&rsquo;existe pas, contactez nous directement en cliquant sur le bouton \u00ab\u00a0Formuler ma demande\u00a0\u00bb Aller \u00e0 la page d&rsquo;accueil 2\u00e8me \u00e9tape: Cr\u00e9ation de votre compte A la r\u00e9ception de votre demande et apr\u00e8s avoir convenu de l&rsquo;offre qui vous correspond, [&hellip;]\" \/>\n<meta property=\"og:url\" content=\"https:\/\/posiibi.com\/en\/fonctionnement\/\" \/>\n<meta property=\"og:site_name\" content=\"Posiibi - Tout est possible\" \/>\n<meta property=\"article:modified_time\" content=\"2024-06-08T08:06:02+00:00\" \/>\n<meta name=\"twitter:card\" content=\"summary_large_image\" \/>\n<meta name=\"twitter:label1\" content=\"Est. reading time\" \/>\n\t<meta name=\"twitter:data1\" content=\"2 minutes\" \/>\n<script type=\"application\/ld+json\" class=\"yoast-schema-graph\">{\"@context\":\"https:\\\/\\\/schema.org\",\"@graph\":[{\"@type\":\"WebPage\",\"@id\":\"https:\\\/\\\/posiibi.com\\\/fonctionnement\\\/\",\"url\":\"https:\\\/\\\/posiibi.com\\\/fonctionnement\\\/\",\"name\":\"Fonctionnement - Posiibi - Tout est possible\",\"isPartOf\":{\"@id\":\"https:\\\/\\\/posiibi-823034.ingress-daribow.ewp.live\\\/#website\"},\"datePublished\":\"2024-03-17T21:55:22+00:00\",\"dateModified\":\"2024-06-08T08:06:02+00:00\",\"breadcrumb\":{\"@id\":\"https:\\\/\\\/posiibi.com\\\/fonctionnement\\\/#breadcrumb\"},\"inLanguage\":\"en-US\",\"potentialAction\":[{\"@type\":\"ReadAction\",\"target\":[\"https:\\\/\\\/posiibi.com\\\/fonctionnement\\\/\"]}]},{\"@type\":\"BreadcrumbList\",\"@id\":\"https:\\\/\\\/posiibi.com\\\/fonctionnement\\\/#breadcrumb\",\"itemListElement\":[{\"@type\":\"ListItem\",\"position\":1,\"name\":\"Home\",\"item\":\"https:\\\/\\\/posiibi.com\\\/\"},{\"@type\":\"ListItem\",\"position\":2,\"name\":\"Fonctionnement\"}]},{\"@type\":\"WebSite\",\"@id\":\"https:\\\/\\\/posiibi-823034.ingress-daribow.ewp.live\\\/#website\",\"url\":\"https:\\\/\\\/posiibi-823034.ingress-daribow.ewp.live\\\/\",\"name\":\"Posiibi - Tout est possible\",\"description\":\"Coursier n\u00b01 au B\u00e9nin et en Afrique\",\"publisher\":{\"@id\":\"https:\\\/\\\/posiibi-823034.ingress-daribow.ewp.live\\\/#organization\"},\"potentialAction\":[{\"@type\":\"SearchAction\",\"target\":{\"@type\":\"EntryPoint\",\"urlTemplate\":\"https:\\\/\\\/posiibi-823034.ingress-daribow.ewp.live\\\/?s={search_term_string}\"},\"query-input\":{\"@type\":\"PropertyValueSpecification\",\"valueRequired\":true,\"valueName\":\"search_term_string\"}}],\"inLanguage\":\"en-US\"},{\"@type\":\"Organization\",\"@id\":\"https:\\\/\\\/posiibi-823034.ingress-daribow.ewp.live\\\/#organization\",\"name\":\"Posiibi - Tout est possible\",\"url\":\"https:\\\/\\\/posiibi-823034.ingress-daribow.ewp.live\\\/\",\"logo\":{\"@type\":\"ImageObject\",\"inLanguage\":\"en-US\",\"@id\":\"https:\\\/\\\/posiibi-823034.ingress-daribow.ewp.live\\\/#\\\/schema\\\/logo\\\/image\\\/\",\"url\":\"https:\\\/\\\/posiibi.com\\\/wp-content\\\/uploads\\\/2024\\\/04\\\/posiibi_transparent.webp\",\"contentUrl\":\"https:\\\/\\\/posiibi.com\\\/wp-content\\\/uploads\\\/2024\\\/04\\\/posiibi_transparent.webp\",\"width\":371,\"height\":304,\"caption\":\"Posiibi - Tout est possible\"},\"image\":{\"@id\":\"https:\\\/\\\/posiibi-823034.ingress-daribow.ewp.live\\\/#\\\/schema\\\/logo\\\/image\\\/\"}}]}<\/script>\n<!-- \/ Yoast SEO plugin. -->","yoast_head_json":{"title":"Fonctionnement - Posiibi - Tout est possible","robots":{"index":"index","follow":"follow","max-snippet":"max-snippet:-1","max-image-preview":"max-image-preview:large","max-video-preview":"max-video-preview:-1"},"canonical":"https:\/\/posiibi.com\/en\/fonctionnement\/","og_locale":"en_US","og_type":"article","og_title":"Fonctionnement - Posiibi - Tout est possible","og_description":"1\u00e8re \u00e9tape : Choix de l&rsquo;offre S\u00e9lectionnez l&rsquo;une des offres depuis la page d&rsquo;accueil. Si l&rsquo;offre n&rsquo;existe pas, contactez nous directement en cliquant sur le bouton \u00ab\u00a0Formuler ma demande\u00a0\u00bb Aller \u00e0 la page d&rsquo;accueil 2\u00e8me \u00e9tape: Cr\u00e9ation de votre compte A la r\u00e9ception de votre demande et apr\u00e8s avoir convenu de l&rsquo;offre qui vous correspond, [&hellip;]","og_url":"https:\/\/posiibi.com\/en\/fonctionnement\/","og_site_name":"Posiibi - Tout est possible","article_modified_time":"2024-06-08T08:06:02+00:00","twitter_card":"summary_large_image","twitter_misc":{"Est. reading time":"2 minutes"},"schema":{"@context":"https:\/\/schema.org","@graph":[{"@type":"WebPage","@id":"https:\/\/posiibi.com\/fonctionnement\/","url":"https:\/\/posiibi.com\/fonctionnement\/","name":"Fonctionnement - Posiibi - Tout est possible","isPartOf":{"@id":"https:\/\/posiibi-823034.ingress-daribow.ewp.live\/#website"},"datePublished":"2024-03-17T21:55:22+00:00","dateModified":"2024-06-08T08:06:02+00:00","breadcrumb":{"@id":"https:\/\/posiibi.com\/fonctionnement\/#breadcrumb"},"inLanguage":"en-US","potentialAction":[{"@type":"ReadAction","target":["https:\/\/posiibi.com\/fonctionnement\/"]}]},{"@type":"BreadcrumbList","@id":"https:\/\/posiibi.com\/fonctionnement\/#breadcrumb","itemListElement":[{"@type":"ListItem","position":1,"name":"Home","item":"https:\/\/posiibi.com\/"},{"@type":"ListItem","position":2,"name":"Fonctionnement"}]},{"@type":"WebSite","@id":"https:\/\/posiibi-823034.ingress-daribow.ewp.live\/#website","url":"https:\/\/posiibi-823034.ingress-daribow.ewp.live\/","name":"Posiibi - Tout est possible","description":"No. 1 courier in Benin and Africa","publisher":{"@id":"https:\/\/posiibi-823034.ingress-daribow.ewp.live\/#organization"},"potentialAction":[{"@type":"SearchAction","target":{"@type":"EntryPoint","urlTemplate":"https:\/\/posiibi-823034.ingress-daribow.ewp.live\/?s={search_term_string}"},"query-input":{"@type":"PropertyValueSpecification","valueRequired":true,"valueName":"search_term_string"}}],"inLanguage":"en-US"},{"@type":"Organization","@id":"https:\/\/posiibi-823034.ingress-daribow.ewp.live\/#organization","name":"Posiibi - Tout est possible","url":"https:\/\/posiibi-823034.ingress-daribow.ewp.live\/","logo":{"@type":"ImageObject","inLanguage":"en-US","@id":"https:\/\/posiibi-823034.ingress-daribow.ewp.live\/#\/schema\/logo\/image\/","url":"https:\/\/posiibi.com\/wp-content\/uploads\/2024\/04\/posiibi_transparent.webp","contentUrl":"https:\/\/posiibi.com\/wp-content\/uploads\/2024\/04\/posiibi_transparent.webp","width":371,"height":304,"caption":"Posiibi - Tout est possible"},"image":{"@id":"https:\/\/posiibi-823034.ingress-daribow.ewp.live\/#\/schema\/logo\/image\/"}}]}},"jetpack_sharing_enabled":true,"_links":{"self":[{"href":"https:\/\/posiibi.com\/en\/wp-json\/wp\/v2\/pages\/190","targetHints":{"allow":["GET"]}}],"collection":[{"href":"https:\/\/posiibi.com\/en\/wp-json\/wp\/v2\/pages"}],"about":[{"href":"https:\/\/posiibi.com\/en\/wp-json\/wp\/v2\/types\/page"}],"author":[{"embeddable":true,"href":"https:\/\/posiibi.com\/en\/wp-json\/wp\/v2\/users\/1"}],"replies":[{"embeddable":true,"href":"https:\/\/posiibi.com\/en\/wp-json\/wp\/v2\/comments?post=190"}],"version-history":[{"count":5,"href":"https:\/\/posiibi.com\/en\/wp-json\/wp\/v2\/pages\/190\/revisions"}],"predecessor-version":[{"id":1673,"href":"https:\/\/posiibi.com\/en\/wp-json\/wp\/v2\/pages\/190\/revisions\/1673"}],"wp:attachment":[{"href":"https:\/\/posiibi.com\/en\/wp-json\/wp\/v2\/media?parent=190"}],"curies":[{"name":"wp","href":"https:\/\/api.w.org\/{rel}","templated":true}]}}